{"id":542,"date":"2018-11-27T09:17:28","date_gmt":"2018-11-27T09:17:28","guid":{"rendered":"https:\/\/xn--vitemdiseoyconstruccion-0hc.com\/index.php\/services\/"},"modified":"2026-04-01T14:38:02","modified_gmt":"2026-04-01T14:38:02","slug":"servicios","status":"publish","type":"page","link":"https:\/\/xn--vitemdiseoyconstruccion-0hc.com\/index.php\/servicios\/","title":{"rendered":"Servicios"},"content":{"rendered":"\t\t<div data-elementor-type=\"wp-post\" data-elementor-id=\"542\" class=\"elementor elementor-542\">\n\t\t\t\t\t\t\t\t\t<section class=\"elementor-section elementor-top-section elementor-element elementor-element-33a79095 elementor-section-boxed elementor-section-height-default elementor-section-height-default\" data-id=\"33a79095\" data-element_type=\"section\" data-settings=\"{&quot;background_background&quot;:&quot;classic&quot;}\">\n\t\t\t\t\t\t\t<div class=\"elementor-background-overlay\"><\/div>\n\t\t\t\t\t\t\t<div class=\"elementor-container elementor-column-gap-default\">\n\t\t\t\t\t<div class=\"elementor-column elementor-col-100 elementor-top-column elementor-element elementor-element-3706530d\" data-id=\"3706530d\" data-element_type=\"column\">\n\t\t\t<div class=\"elementor-widget-wrap elementor-element-populated\">\n\t\t\t\t\t\t\t\t<div class=\"elementor-element elementor-element-537de1f elementor-widget elementor-widget-heading\" data-id=\"537de1f\" data-element_type=\"widget\" data-widget_type=\"heading.default\">\n\t\t\t\t<div class=\"elementor-widget-container\">\n\t\t\t<style>\/*! elementor - v3.14.0 - 26-06-2023 *\/\n.elementor-heading-title{padding:0;margin:0;line-height:1}.elementor-widget-heading .elementor-heading-title[class*=elementor-size-]>a{color:inherit;font-size:inherit;line-height:inherit}.elementor-widget-heading .elementor-heading-title.elementor-size-small{font-size:15px}.elementor-widget-heading .elementor-heading-title.elementor-size-medium{font-size:19px}.elementor-widget-heading .elementor-heading-title.elementor-size-large{font-size:29px}.elementor-widget-heading .elementor-heading-title.elementor-size-xl{font-size:39px}.elementor-widget-heading .elementor-heading-title.elementor-size-xxl{font-size:59px}<\/style><h1 class=\"elementor-heading-title elementor-size-default\">SERVICIOS<\/h1>\t\t<\/div>\n\t\t\t\t<\/div>\n\t\t\t\t\t<\/div>\n\t\t<\/div>\n\t\t\t\t\t\t\t<\/div>\n\t\t<\/section>\n\t\t\t\t<section class=\"elementor-section elementor-top-section elementor-element elementor-element-2dbed9a elementor-section-boxed elementor-section-height-default elementor-section-height-default\" data-id=\"2dbed9a\" data-element_type=\"section\">\n\t\t\t\t\t\t<div class=\"elementor-container elementor-column-gap-default\">\n\t\t\t\t\t<div class=\"elementor-column elementor-col-100 elementor-top-column elementor-element elementor-element-1ca627b\" data-id=\"1ca627b\" data-element_type=\"column\">\n\t\t\t<div class=\"elementor-widget-wrap\">\n\t\t\t\t\t\t\t\t\t<\/div>\n\t\t<\/div>\n\t\t\t\t\t\t\t<\/div>\n\t\t<\/section>\n\t\t\t\t<section class=\"elementor-section elementor-inner-section elementor-element elementor-element-d6c60ea elementor-section-boxed elementor-section-height-default elementor-section-height-default elementor-invisible\" data-id=\"d6c60ea\" data-element_type=\"section\" data-settings=\"{&quot;animation&quot;:&quot;fadeInUp&quot;}\">\n\t\t\t\t\t\t<div class=\"elementor-container elementor-column-gap-default\">\n\t\t\t\t\t<div class=\"elementor-column elementor-col-50 elementor-inner-column elementor-element elementor-element-f20a204\" data-id=\"f20a204\" data-element_type=\"column\">\n\t\t\t<div class=\"elementor-widget-wrap elementor-element-populated\">\n\t\t\t\t\t\t\t\t<div class=\"elementor-element elementor-element-bfd172b elementor-widget elementor-widget-image\" data-id=\"bfd172b\" data-element_type=\"widget\" data-widget_type=\"image.default\">\n\t\t\t\t<div class=\"elementor-widget-container\">\n\t\t\t<style>\/*! elementor - v3.14.0 - 26-06-2023 *\/\n.elementor-widget-image{text-align:center}.elementor-widget-image a{display:inline-block}.elementor-widget-image a img[src$=\".svg\"]{width:48px}.elementor-widget-image img{vertical-align:middle;display:inline-block}<\/style>\t\t\t\t\t\t\t\t\t\t\t\t<img decoding=\"async\" width=\"1024\" height=\"688\" src=\"https:\/\/xn--vitemdiseoyconstruccion-0hc.com\/wp-content\/uploads\/2026\/02\/17-1024x688.png\" class=\"attachment-large size-large wp-image-1835\" alt=\"\" loading=\"lazy\" srcset=\"https:\/\/xn--vitemdiseoyconstruccion-0hc.com\/wp-content\/uploads\/2026\/02\/17-1024x688.png 1024w, https:\/\/xn--vitemdiseoyconstruccion-0hc.com\/wp-content\/uploads\/2026\/02\/17-300x202.png 300w, https:\/\/xn--vitemdiseoyconstruccion-0hc.com\/wp-content\/uploads\/2026\/02\/17-768x516.png 768w, https:\/\/xn--vitemdiseoyconstruccion-0hc.com\/wp-content\/uploads\/2026\/02\/17-1536x1033.png 1536w, https:\/\/xn--vitemdiseoyconstruccion-0hc.com\/wp-content\/uploads\/2026\/02\/17-2048x1377.png 2048w\" sizes=\"(max-width: 1024px) 100vw, 1024px\" \/>\t\t\t\t\t\t\t\t\t\t\t\t\t\t\t<\/div>\n\t\t\t\t<\/div>\n\t\t\t\t<div class=\"elementor-element elementor-element-d0c44fe elementor-position-top elementor-vertical-align-top elementor-widget elementor-widget-image-box\" data-id=\"d0c44fe\" data-element_type=\"widget\" data-widget_type=\"image-box.default\">\n\t\t\t\t<div class=\"elementor-widget-container\">\n\t\t\t<style>\/*! elementor - v3.14.0 - 26-06-2023 *\/\n.elementor-widget-image-box .elementor-image-box-content{width:100%}@media (min-width:768px){.elementor-widget-image-box.elementor-position-left .elementor-image-box-wrapper,.elementor-widget-image-box.elementor-position-right .elementor-image-box-wrapper{display:flex}.elementor-widget-image-box.elementor-position-right .elementor-image-box-wrapper{text-align:right;flex-direction:row-reverse}.elementor-widget-image-box.elementor-position-left .elementor-image-box-wrapper{text-align:left;flex-direction:row}.elementor-widget-image-box.elementor-position-top .elementor-image-box-img{margin:auto}.elementor-widget-image-box.elementor-vertical-align-top .elementor-image-box-wrapper{align-items:flex-start}.elementor-widget-image-box.elementor-vertical-align-middle .elementor-image-box-wrapper{align-items:center}.elementor-widget-image-box.elementor-vertical-align-bottom .elementor-image-box-wrapper{align-items:flex-end}}@media (max-width:767px){.elementor-widget-image-box .elementor-image-box-img{margin-left:auto!important;margin-right:auto!important;margin-bottom:15px}}.elementor-widget-image-box .elementor-image-box-img{display:inline-block}.elementor-widget-image-box .elementor-image-box-title a{color:inherit}.elementor-widget-image-box .elementor-image-box-wrapper{text-align:center}.elementor-widget-image-box .elementor-image-box-description{margin:0}<\/style><div class=\"elementor-image-box-wrapper\"><div class=\"elementor-image-box-content\"><h3 class=\"elementor-image-box-title\">Dise\u00f1o Arquitect\u00f3nico<\/h3><p class=\"elementor-image-box-description\">- Planificaci\u00f3n<br>- Asesoramiento<br>- An\u00e1lisis de asoleamiento y ventilaci\u00f3n<br>- Planificaci\u00f3n<br>- Presupuestos<\/p><\/div><\/div>\t\t<\/div>\n\t\t\t\t<\/div>\n\t\t\t\t\t<\/div>\n\t\t<\/div>\n\t\t\t\t<div class=\"elementor-column elementor-col-50 elementor-inner-column elementor-element elementor-element-bce40d9\" data-id=\"bce40d9\" data-element_type=\"column\">\n\t\t\t<div class=\"elementor-widget-wrap elementor-element-populated\">\n\t\t\t\t\t\t\t\t<div class=\"elementor-element elementor-element-cce00ea elementor-widget elementor-widget-image\" data-id=\"cce00ea\" data-element_type=\"widget\" data-widget_type=\"image.default\">\n\t\t\t\t<div class=\"elementor-widget-container\">\n\t\t\t\t\t\t\t\t\t\t\t\t\t\t\t<img decoding=\"async\" width=\"1024\" height=\"683\" src=\"https:\/\/xn--vitemdiseoyconstruccion-0hc.com\/wp-content\/uploads\/2026\/01\/DZ7_7220k-1024x683.jpg\" class=\"attachment-large size-large wp-image-1534\" alt=\"\" loading=\"lazy\" srcset=\"https:\/\/xn--vitemdiseoyconstruccion-0hc.com\/wp-content\/uploads\/2026\/01\/DZ7_7220k-1024x683.jpg 1024w, https:\/\/xn--vitemdiseoyconstruccion-0hc.com\/wp-content\/uploads\/2026\/01\/DZ7_7220k-300x200.jpg 300w, https:\/\/xn--vitemdiseoyconstruccion-0hc.com\/wp-content\/uploads\/2026\/01\/DZ7_7220k-768x512.jpg 768w, https:\/\/xn--vitemdiseoyconstruccion-0hc.com\/wp-content\/uploads\/2026\/01\/DZ7_7220k-1536x1024.jpg 1536w, https:\/\/xn--vitemdiseoyconstruccion-0hc.com\/wp-content\/uploads\/2026\/01\/DZ7_7220k-2048x1365.jpg 2048w\" sizes=\"(max-width: 1024px) 100vw, 1024px\" \/>\t\t\t\t\t\t\t\t\t\t\t\t\t\t\t<\/div>\n\t\t\t\t<\/div>\n\t\t\t\t<div class=\"elementor-element elementor-element-c17baf9 elementor-position-top elementor-vertical-align-top elementor-widget elementor-widget-image-box\" data-id=\"c17baf9\" data-element_type=\"widget\" data-widget_type=\"image-box.default\">\n\t\t\t\t<div class=\"elementor-widget-container\">\n\t\t\t<div class=\"elementor-image-box-wrapper\"><div class=\"elementor-image-box-content\"><h3 class=\"elementor-image-box-title\">Construcciones<\/h3><p class=\"elementor-image-box-description\">- Viviendas\n- Edificios<br>- Oficinas<br>- Industriales<br>- Gubernamentales<br>- Presupuestos<br>- Planificaci\u00f3n<\/p><\/div><\/div>\t\t<\/div>\n\t\t\t\t<\/div>\n\t\t\t\t\t<\/div>\n\t\t<\/div>\n\t\t\t\t\t\t\t<\/div>\n\t\t<\/section>\n\t\t\t\t<section class=\"elementor-section elementor-inner-section elementor-element elementor-element-3dca23c elementor-section-boxed elementor-section-height-default elementor-section-height-default\" data-id=\"3dca23c\" data-element_type=\"section\">\n\t\t\t\t\t\t<div class=\"elementor-container elementor-column-gap-default\">\n\t\t\t\t\t<div class=\"elementor-column elementor-col-50 elementor-inner-column elementor-element elementor-element-f58b4c4\" data-id=\"f58b4c4\" data-element_type=\"column\">\n\t\t\t<div class=\"elementor-widget-wrap elementor-element-populated\">\n\t\t\t\t\t\t\t\t<div class=\"elementor-element elementor-element-d7fa0e3 elementor-widget elementor-widget-image\" data-id=\"d7fa0e3\" data-element_type=\"widget\" data-widget_type=\"image.default\">\n\t\t\t\t<div class=\"elementor-widget-container\">\n\t\t\t\t\t\t\t\t\t\t\t\t\t\t\t<img decoding=\"async\" width=\"1024\" height=\"683\" src=\"https:\/\/xn--vitemdiseoyconstruccion-0hc.com\/wp-content\/uploads\/2026\/03\/IMG_8744.jpg-1024x683.jpeg\" class=\"attachment-large size-large wp-image-2546\" alt=\"\" loading=\"lazy\" srcset=\"https:\/\/xn--vitemdiseoyconstruccion-0hc.com\/wp-content\/uploads\/2026\/03\/IMG_8744.jpg-1024x683.jpeg 1024w, https:\/\/xn--vitemdiseoyconstruccion-0hc.com\/wp-content\/uploads\/2026\/03\/IMG_8744.jpg-300x200.jpeg 300w, https:\/\/xn--vitemdiseoyconstruccion-0hc.com\/wp-content\/uploads\/2026\/03\/IMG_8744.jpg-768x512.jpeg 768w, https:\/\/xn--vitemdiseoyconstruccion-0hc.com\/wp-content\/uploads\/2026\/03\/IMG_8744.jpg-1536x1024.jpeg 1536w, https:\/\/xn--vitemdiseoyconstruccion-0hc.com\/wp-content\/uploads\/2026\/03\/IMG_8744.jpg-2048x1365.jpeg 2048w\" sizes=\"(max-width: 1024px) 100vw, 1024px\" \/>\t\t\t\t\t\t\t\t\t\t\t\t\t\t\t<\/div>\n\t\t\t\t<\/div>\n\t\t\t\t<div class=\"elementor-element elementor-element-66bbc4f elementor-position-top elementor-vertical-align-top elementor-widget elementor-widget-image-box\" data-id=\"66bbc4f\" data-element_type=\"widget\" data-widget_type=\"image-box.default\">\n\t\t\t\t<div class=\"elementor-widget-container\">\n\t\t\t<div class=\"elementor-image-box-wrapper\"><div class=\"elementor-image-box-content\"><h3 class=\"elementor-image-box-title\">Dise\u00f1o Interior<\/h3><p class=\"elementor-image-box-description\">- Viviendas<br>- Oficinas<br>- Comercio<br>- Restaurantes<\/p><\/div><\/div>\t\t<\/div>\n\t\t\t\t<\/div>\n\t\t\t\t\t<\/div>\n\t\t<\/div>\n\t\t\t\t<div class=\"elementor-column elementor-col-50 elementor-inner-column elementor-element elementor-element-31ca30b\" data-id=\"31ca30b\" data-element_type=\"column\">\n\t\t\t<div class=\"elementor-widget-wrap elementor-element-populated\">\n\t\t\t\t\t\t\t\t<div class=\"elementor-element elementor-element-238cce3 elementor-widget elementor-widget-image\" data-id=\"238cce3\" data-element_type=\"widget\" data-widget_type=\"image.default\">\n\t\t\t\t<div class=\"elementor-widget-container\">\n\t\t\t\t\t\t\t\t\t\t\t\t\t\t\t<img decoding=\"async\" width=\"1024\" height=\"800\" src=\"https:\/\/xn--vitemdiseoyconstruccion-0hc.com\/wp-content\/uploads\/2024\/02\/WhatsApp-Image-2024-02-05-at-09.27.50-1-1024x800.jpeg\" class=\"attachment-large size-large wp-image-961\" alt=\"\" loading=\"lazy\" srcset=\"https:\/\/xn--vitemdiseoyconstruccion-0hc.com\/wp-content\/uploads\/2024\/02\/WhatsApp-Image-2024-02-05-at-09.27.50-1-1024x800.jpeg 1024w, https:\/\/xn--vitemdiseoyconstruccion-0hc.com\/wp-content\/uploads\/2024\/02\/WhatsApp-Image-2024-02-05-at-09.27.50-1-300x234.jpeg 300w, https:\/\/xn--vitemdiseoyconstruccion-0hc.com\/wp-content\/uploads\/2024\/02\/WhatsApp-Image-2024-02-05-at-09.27.50-1-768x600.jpeg 768w, https:\/\/xn--vitemdiseoyconstruccion-0hc.com\/wp-content\/uploads\/2024\/02\/WhatsApp-Image-2024-02-05-at-09.27.50-1-1536x1200.jpeg 1536w, https:\/\/xn--vitemdiseoyconstruccion-0hc.com\/wp-content\/uploads\/2024\/02\/WhatsApp-Image-2024-02-05-at-09.27.50-1.jpeg 1600w\" sizes=\"(max-width: 1024px) 100vw, 1024px\" \/>\t\t\t\t\t\t\t\t\t\t\t\t\t\t\t<\/div>\n\t\t\t\t<\/div>\n\t\t\t\t<div class=\"elementor-element elementor-element-00d7c15 elementor-position-top elementor-vertical-align-top elementor-widget elementor-widget-image-box\" data-id=\"00d7c15\" data-element_type=\"widget\" data-widget_type=\"image-box.default\">\n\t\t\t\t<div class=\"elementor-widget-container\">\n\t\t\t<div class=\"elementor-image-box-wrapper\"><div class=\"elementor-image-box-content\"><h3 class=\"elementor-image-box-title\">Proyectos de ingenier\u00eda<\/h3><p class=\"elementor-image-box-description\">- Evaluaciones de proyectos<br>- Presupuestos<br>- Planificaci\u00f3n<\/p><\/div><\/div>\t\t<\/div>\n\t\t\t\t<\/div>\n\t\t\t\t\t<\/div>\n\t\t<\/div>\n\t\t\t\t\t\t\t<\/div>\n\t\t<\/section>\n\t\t\t\t<section class=\"elementor-section elementor-inner-section elementor-element elementor-element-be7eb14 elementor-section-boxed elementor-section-height-default elementor-section-height-default\" data-id=\"be7eb14\" data-element_type=\"section\">\n\t\t\t\t\t\t<div class=\"elementor-container elementor-column-gap-default\">\n\t\t\t\t\t<div class=\"elementor-column elementor-col-50 elementor-inner-column elementor-element elementor-element-58395df\" data-id=\"58395df\" data-element_type=\"column\">\n\t\t\t<div class=\"elementor-widget-wrap elementor-element-populated\">\n\t\t\t\t\t\t\t\t<div class=\"elementor-element elementor-element-fee2b43 elementor-widget elementor-widget-image\" data-id=\"fee2b43\" data-element_type=\"widget\" data-widget_type=\"image.default\">\n\t\t\t\t<div class=\"elementor-widget-container\">\n\t\t\t\t\t\t\t\t\t\t\t\t\t\t\t<img decoding=\"async\" width=\"1024\" height=\"576\" src=\"https:\/\/xn--vitemdiseoyconstruccion-0hc.com\/wp-content\/uploads\/2023\/08\/2b-min-1024x576.jpg\" class=\"attachment-large size-large wp-image-807\" alt=\"\" loading=\"lazy\" srcset=\"https:\/\/xn--vitemdiseoyconstruccion-0hc.com\/wp-content\/uploads\/2023\/08\/2b-min-1024x576.jpg 1024w, https:\/\/xn--vitemdiseoyconstruccion-0hc.com\/wp-content\/uploads\/2023\/08\/2b-min-300x169.jpg 300w, https:\/\/xn--vitemdiseoyconstruccion-0hc.com\/wp-content\/uploads\/2023\/08\/2b-min-768x432.jpg 768w, https:\/\/xn--vitemdiseoyconstruccion-0hc.com\/wp-content\/uploads\/2023\/08\/2b-min.jpg 1280w\" sizes=\"(max-width: 1024px) 100vw, 1024px\" \/>\t\t\t\t\t\t\t\t\t\t\t\t\t\t\t<\/div>\n\t\t\t\t<\/div>\n\t\t\t\t<div class=\"elementor-element elementor-element-9d22527 elementor-position-top elementor-vertical-align-top elementor-widget elementor-widget-image-box\" data-id=\"9d22527\" data-element_type=\"widget\" data-widget_type=\"image-box.default\">\n\t\t\t\t<div class=\"elementor-widget-container\">\n\t\t\t<div class=\"elementor-image-box-wrapper\"><div class=\"elementor-image-box-content\"><h3 class=\"elementor-image-box-title\">Planificaci\u00f3n<\/h3><p class=\"elementor-image-box-description\">- Cronograma de obra<br>- organigrama de obra<br>- BIM<br>- Presupuestos<br>- Especificaciones t\u00e9cnicas<\/p><\/div><\/div>\t\t<\/div>\n\t\t\t\t<\/div>\n\t\t\t\t\t<\/div>\n\t\t<\/div>\n\t\t\t\t<div class=\"elementor-column elementor-col-50 elementor-inner-column elementor-element elementor-element-1824bef\" data-id=\"1824bef\" data-element_type=\"column\">\n\t\t\t<div class=\"elementor-widget-wrap elementor-element-populated\">\n\t\t\t\t\t\t\t\t<div class=\"elementor-element elementor-element-0ffa791 elementor-widget elementor-widget-image\" data-id=\"0ffa791\" data-element_type=\"widget\" data-widget_type=\"image.default\">\n\t\t\t\t<div class=\"elementor-widget-container\">\n\t\t\t\t\t\t\t\t\t\t\t\t\t\t\t<img decoding=\"async\" width=\"1024\" height=\"688\" src=\"https:\/\/xn--vitemdiseoyconstruccion-0hc.com\/wp-content\/uploads\/2026\/02\/1-1-1024x688.png\" class=\"attachment-large size-large wp-image-1838\" alt=\"\" loading=\"lazy\" srcset=\"https:\/\/xn--vitemdiseoyconstruccion-0hc.com\/wp-content\/uploads\/2026\/02\/1-1-1024x688.png 1024w, https:\/\/xn--vitemdiseoyconstruccion-0hc.com\/wp-content\/uploads\/2026\/02\/1-1-300x202.png 300w, https:\/\/xn--vitemdiseoyconstruccion-0hc.com\/wp-content\/uploads\/2026\/02\/1-1-768x516.png 768w, https:\/\/xn--vitemdiseoyconstruccion-0hc.com\/wp-content\/uploads\/2026\/02\/1-1-1536x1033.png 1536w, https:\/\/xn--vitemdiseoyconstruccion-0hc.com\/wp-content\/uploads\/2026\/02\/1-1-2048x1377.png 2048w\" sizes=\"(max-width: 1024px) 100vw, 1024px\" \/>\t\t\t\t\t\t\t\t\t\t\t\t\t\t\t<\/div>\n\t\t\t\t<\/div>\n\t\t\t\t<div class=\"elementor-element elementor-element-678e7ee elementor-position-top elementor-vertical-align-top elementor-widget elementor-widget-image-box\" data-id=\"678e7ee\" data-element_type=\"widget\" data-widget_type=\"image-box.default\">\n\t\t\t\t<div class=\"elementor-widget-container\">\n\t\t\t<div class=\"elementor-image-box-wrapper\"><div class=\"elementor-image-box-content\"><h3 class=\"elementor-image-box-title\">Desarrollo Inmobiliario<\/h3><p class=\"elementor-image-box-description\">- Evaluaci\u00f3n de proyectos<br>- Dise\u00f1os arquitect\u00f3nicos<br>- Proyectos de ingenier\u00eda<br>- Planificaci\u00f3n<br>- An\u00e1lisis de factibilidad financiera<\/p><\/div><\/div>\t\t<\/div>\n\t\t\t\t<\/div>\n\t\t\t\t\t<\/div>\n\t\t<\/div>\n\t\t\t\t\t\t\t<\/div>\n\t\t<\/section>\n\t\t\t\t\t\t\t<\/div>\n\t\t","protected":false},"excerpt":{"rendered":"<p>SERVICIOS Dise\u00f1o Arquitect\u00f3nico &#8211; Planificaci\u00f3n&#8211; Asesoramiento&#8211; An\u00e1lisis de asoleamiento y ventilaci\u00f3n&#8211; Planificaci\u00f3n&#8211; Presupuestos Construcciones &#8211; Viviendas &#8211; Edificios&#8211; Oficinas&#8211; Industriales&#8211; Gubernamentales&#8211; Presupuestos&#8211; Planificaci\u00f3n Dise\u00f1o Interior &#8211; Viviendas&#8211; Oficinas&#8211; Comercio&#8211; Restaurantes Proyectos de ingenier\u00eda &#8211; Evaluaciones de proyectos&#8211; Presupuestos&#8211; Planificaci\u00f3n Planificaci\u00f3n &#8211; Cronograma de obra&#8211; organigrama de obra&#8211; BIM&#8211; Presupuestos&#8211; Especificaciones t\u00e9cnicas Desarrollo Inmobiliario &#8211; Evaluaci\u00f3n &hellip;<\/p>\n<p class=\"read-more\"> <a class=\"\" href=\"https:\/\/xn--vitemdiseoyconstruccion-0hc.com\/index.php\/servicios\/\"> <span class=\"screen-reader-text\">Servicios<\/span> Leer m\u00e1s &raquo;<\/a><\/p>\n","protected":false},"author":1,"featured_media":0,"parent":0,"menu_order":0,"comment_status":"closed","ping_status":"closed","template":"","meta":{"site-sidebar-layout":"no-sidebar","site-content-layout":"page-builder","ast-global-header-display":"","ast-banner-title-visibility":"","ast-main-header-display":"","ast-hfb-above-header-display":"","ast-hfb-below-header-display":"","ast-hfb-mobile-header-display":"","site-post-title":"disabled","ast-breadcrumbs-content":"","ast-featured-img":"disabled","footer-sml-layout":"","theme-transparent-header-meta":"enabled","adv-header-id-meta":"","stick-header-meta":"","header-above-stick-meta":"","header-main-stick-meta":"","header-below-stick-meta":""},"_links":{"self":[{"href":"https:\/\/xn--vitemdiseoyconstruccion-0hc.com\/index.php\/wp-json\/wp\/v2\/pages\/542"}],"collection":[{"href":"https:\/\/xn--vitemdiseoyconstruccion-0hc.com\/index.php\/wp-json\/wp\/v2\/pages"}],"about":[{"href":"https:\/\/xn--vitemdiseoyconstruccion-0hc.com\/index.php\/wp-json\/wp\/v2\/types\/page"}],"author":[{"embeddable":true,"href":"https:\/\/xn--vitemdiseoyconstruccion-0hc.com\/index.php\/wp-json\/wp\/v2\/users\/1"}],"replies":[{"embeddable":true,"href":"https:\/\/xn--vitemdiseoyconstruccion-0hc.com\/index.php\/wp-json\/wp\/v2\/comments?post=542"}],"version-history":[{"count":26,"href":"https:\/\/xn--vitemdiseoyconstruccion-0hc.com\/index.php\/wp-json\/wp\/v2\/pages\/542\/revisions"}],"predecessor-version":[{"id":2578,"href":"https:\/\/xn--vitemdiseoyconstruccion-0hc.com\/index.php\/wp-json\/wp\/v2\/pages\/542\/revisions\/2578"}],"wp:attachment":[{"href":"https:\/\/xn--vitemdiseoyconstruccion-0hc.com\/index.php\/wp-json\/wp\/v2\/media?parent=542"}],"curies":[{"name":"wp","href":"https:\/\/api.w.org\/{rel}","templated":true}]}}